{"id":109,"date":"2015-11-26T08:49:39","date_gmt":"2015-11-26T08:49:39","guid":{"rendered":"http:\/\/tps12.at\/wordpress\/?page_id=109"},"modified":"2024-05-16T10:35:23","modified_gmt":"2024-05-16T10:35:23","slug":"praxis","status":"publish","type":"page","link":"http:\/\/tps12.at\/?page_id=109","title":{"rendered":"Praxis"},"content":{"rendered":"<p>In der <strong>barrierefreien<\/strong>, <strong>ebenerdigen<\/strong> und auch <strong>rollstuhlgerechten Praxis<\/strong> in <strong>zentraler Lage<\/strong> werden Sie individuell von Ihrem pers\u00f6nlichen Therapeuten behandelt. Die vier zur Verf\u00fcgung stehenden hellen, gro\u00dfen Therapier\u00e4ume bieten ein reichhaltiges Angebot an Ger\u00e4ten, Trainingsutensilien und Therapiebetten, um jede Behandlung entsprechend optimieren zu k\u00f6nnen.<\/p>\n<p style=\"text-align: center;\"><em>Klicken Sie auf die Bilder zum Start der Slideshow.<\/em><\/p>\n<p style=\"text-align: center;\"><img decoding=\"async\" class=\"ngg_displayed_gallery mceItem\" src=\"http:\/\/tps12.at\/wordpress\/index.php\/nextgen-attach_to_post\/preview\/id--399\" alt=\"\" data-mce-placeholder=\"1\" \/><\/p>\n\n\n<figure class=\"wp-block-gallery has-nested-images columns-default is-cropped wp-block-gallery-1 is-layout-flex wp-block-gallery-is-layout-flex\">\n<figure class=\"wp-block-image size-large\"><a href=\"http:\/\/tps12.at\/wp-content\/uploads\/2015\/11\/eingang.jpg\"><img loading=\"lazy\" decoding=\"async\" width=\"374\" height=\"575\" data-id=\"110\" src=\"http:\/\/tps12.at\/wp-content\/uploads\/2015\/11\/eingang.jpg\" alt=\"\" class=\"wp-image-110\" srcset=\"http:\/\/tps12.at\/wp-content\/uploads\/2015\/11\/eingang.jpg 374w, http:\/\/tps12.at\/wp-content\/uploads\/2015\/11\/eingang-195x300.jpg 195w\" sizes=\"auto, (max-width: 374px) 100vw, 374px\" \/><\/a><\/figure>\n\n\n\n<figure class=\"wp-block-image size-large\"><a href=\"http:\/\/tps12.at\/wp-content\/uploads\/2015\/11\/Empfang.jpg\"><img loading=\"lazy\" decoding=\"async\" width=\"603\" height=\"414\" data-id=\"111\" src=\"http:\/\/tps12.at\/wp-content\/uploads\/2015\/11\/Empfang.jpg\" alt=\"\" class=\"wp-image-111\" srcset=\"http:\/\/tps12.at\/wp-content\/uploads\/2015\/11\/Empfang.jpg 603w, http:\/\/tps12.at\/wp-content\/uploads\/2015\/11\/Empfang-300x206.jpg 300w\" sizes=\"auto, (max-width: 603px) 100vw, 603px\" \/><\/a><\/figure>\n\n\n\n<figure class=\"wp-block-image size-large\"><a href=\"http:\/\/tps12.at\/wp-content\/uploads\/2015\/11\/Gruppenraum.jpg\"><img loading=\"lazy\" decoding=\"async\" width=\"575\" height=\"399\" data-id=\"112\" src=\"http:\/\/tps12.at\/wp-content\/uploads\/2015\/11\/Gruppenraum.jpg\" alt=\"\" class=\"wp-image-112\" srcset=\"http:\/\/tps12.at\/wp-content\/uploads\/2015\/11\/Gruppenraum.jpg 575w, http:\/\/tps12.at\/wp-content\/uploads\/2015\/11\/Gruppenraum-300x208.jpg 300w\" sizes=\"auto, (max-width: 575px) 100vw, 575px\" \/><\/a><\/figure>\n\n\n\n<figure class=\"wp-block-image size-large\"><a href=\"http:\/\/tps12.at\/wp-content\/uploads\/2015\/11\/RBlau.jpg\"><img loading=\"lazy\" decoding=\"async\" width=\"575\" height=\"396\" data-id=\"114\" src=\"http:\/\/tps12.at\/wp-content\/uploads\/2015\/11\/RBlau.jpg\" alt=\"\" class=\"wp-image-114\" srcset=\"http:\/\/tps12.at\/wp-content\/uploads\/2015\/11\/RBlau.jpg 575w, http:\/\/tps12.at\/wp-content\/uploads\/2015\/11\/RBlau-300x207.jpg 300w\" sizes=\"auto, (max-width: 575px) 100vw, 575px\" \/><\/a><\/figure>\n\n\n\n<figure class=\"wp-block-image size-large\"><a href=\"http:\/\/tps12.at\/wp-content\/uploads\/2015\/11\/RGelb.jpg\"><img loading=\"lazy\" decoding=\"async\" width=\"384\" height=\"575\" data-id=\"115\" src=\"http:\/\/tps12.at\/wp-content\/uploads\/2015\/11\/RGelb.jpg\" alt=\"\" class=\"wp-image-115\" srcset=\"http:\/\/tps12.at\/wp-content\/uploads\/2015\/11\/RGelb.jpg 384w, http:\/\/tps12.at\/wp-content\/uploads\/2015\/11\/RGelb-200x300.jpg 200w\" sizes=\"auto, (max-width: 384px) 100vw, 384px\" \/><\/a><\/figure>\n\n\n\n<figure class=\"wp-block-image size-large\"><a href=\"http:\/\/tps12.at\/wp-content\/uploads\/2015\/11\/RRot.jpg\"><img loading=\"lazy\" decoding=\"async\" width=\"575\" height=\"434\" data-id=\"116\" src=\"http:\/\/tps12.at\/wp-content\/uploads\/2015\/11\/RRot.jpg\" alt=\"\" class=\"wp-image-116\" srcset=\"http:\/\/tps12.at\/wp-content\/uploads\/2015\/11\/RRot.jpg 575w, http:\/\/tps12.at\/wp-content\/uploads\/2015\/11\/RRot-300x226.jpg 300w\" sizes=\"auto, (max-width: 575px) 100vw, 575px\" \/><\/a><\/figure>\n\n\n\n<figure class=\"wp-block-image size-large\"><a href=\"http:\/\/tps12.at\/wp-content\/uploads\/2015\/11\/praxis_-224.jpg\"><img loading=\"lazy\" decoding=\"async\" width=\"1024\" height=\"709\" data-id=\"305\" src=\"http:\/\/tps12.at\/wp-content\/uploads\/2015\/11\/praxis_-224-1024x709.jpg\" alt=\"\" class=\"wp-image-305\" srcset=\"http:\/\/tps12.at\/wp-content\/uploads\/2015\/11\/praxis_-224-1024x709.jpg 1024w, http:\/\/tps12.at\/wp-content\/uploads\/2015\/11\/praxis_-224-300x208.jpg 300w\" sizes=\"auto, (max-width: 1024px) 100vw, 1024px\" \/><\/a><\/figure>\n\n\n\n<figure class=\"wp-block-image size-large\"><a href=\"http:\/\/tps12.at\/wp-content\/uploads\/2015\/11\/praxis_-042-e1448795166180.jpg\"><img loading=\"lazy\" decoding=\"async\" width=\"1024\" height=\"704\" data-id=\"311\" src=\"http:\/\/tps12.at\/wp-content\/uploads\/2015\/11\/praxis_-042-e1448795166180-1024x704.jpg\" alt=\"\" class=\"wp-image-311\" srcset=\"http:\/\/tps12.at\/wp-content\/uploads\/2015\/11\/praxis_-042-e1448795166180-1024x704.jpg 1024w, http:\/\/tps12.at\/wp-content\/uploads\/2015\/11\/praxis_-042-e1448795166180-300x206.jpg 300w\" sizes=\"auto, (max-width: 1024px) 100vw, 1024px\" \/><\/a><\/figure>\n<\/figure>\n","protected":false},"excerpt":{"rendered":"<p>In der barrierefreien, ebenerdigen und auch rollstuhlgerechten Praxis in zentraler Lage werden Sie individuell von Ihrem pers\u00f6nlichen Therapeuten behandelt. Die vier zur Verf\u00fcgung stehenden hellen, gro\u00dfen Therapier\u00e4ume bieten ein reichhaltiges Angebot an Ger\u00e4ten, Trainingsutensilien und Therapiebetten, um jede Behandlung entsprechend optimieren zu k\u00f6nnen. Klicken Sie auf die Bilder zum Start<\/p>\n<div class=\"belowpost\"><a class=\"btnmore icon-arrow\" href=\"http:\/\/tps12.at\/?page_id=109\"><span>Read More<\/span><\/a><\/div>\n","protected":false},"author":1,"featured_media":0,"parent":0,"menu_order":0,"comment_status":"closed","ping_status":"closed","template":"","meta":{"footnotes":""},"class_list":["post-109","page","type-page","status-publish","hentry"],"_links":{"self":[{"href":"http:\/\/tps12.at\/index.php?rest_route=\/wp\/v2\/pages\/109","targetHints":{"allow":["GET"]}}],"collection":[{"href":"http:\/\/tps12.at\/index.php?rest_route=\/wp\/v2\/pages"}],"about":[{"href":"http:\/\/tps12.at\/index.php?rest_route=\/wp\/v2\/types\/page"}],"author":[{"embeddable":true,"href":"http:\/\/tps12.at\/index.php?rest_route=\/wp\/v2\/users\/1"}],"replies":[{"embeddable":true,"href":"http:\/\/tps12.at\/index.php?rest_route=%2Fwp%2Fv2%2Fcomments&post=109"}],"version-history":[{"count":12,"href":"http:\/\/tps12.at\/index.php?rest_route=\/wp\/v2\/pages\/109\/revisions"}],"predecessor-version":[{"id":713,"href":"http:\/\/tps12.at\/index.php?rest_route=\/wp\/v2\/pages\/109\/revisions\/713"}],"wp:attachment":[{"href":"http:\/\/tps12.at\/index.php?rest_route=%2Fwp%2Fv2%2Fmedia&parent=109"}],"curies":[{"name":"wp","href":"https:\/\/api.w.org\/{rel}","templated":true}]}}