{"id":148,"date":"2015-11-26T09:07:28","date_gmt":"2015-11-26T09:07:28","guid":{"rendered":"http:\/\/tps12.at\/wordpress\/?page_id=148"},"modified":"2022-01-15T10:45:06","modified_gmt":"2022-01-15T10:45:06","slug":"patienteninformation-2","status":"publish","type":"page","link":"http:\/\/tps12.at\/?page_id=148","title":{"rendered":"Patienteninformation"},"content":{"rendered":"<p>F\u00fcr die Inanspruchnahme einer physiotherapeutischen oder osteopathischen Behandlung ist eine Verordnung von Ihrem Haus- oder Facharzt erforderlich.<\/p>\n<hr>\n<p><strong>Physiotherapie <\/strong><\/p>\n<p>F\u00fcr die Physiotherapie lassen Sie sich bitte einen Verordnungsschein \u00fcber 10x Physiotherapie 60 Min. ausstellen. Zu Beginn der Behandlungsserie muss die Verordnung chef\u00e4rztlich von der jeweiligen Krankenkasse bewilligt sein.<\/p>\n<p>Dies ist derzeit (Stand: 01.01.2022) auf Grund der Covid19-Pandemie jedoch nicht erforderlich.&nbsp;<\/p>\n<p>Jede einzelne Behandlung ist in bar zu bezahlen.<\/p>\n<p>Nach Beendigung der Behandlungsserie erhalten Sie von uns eine Honorarnote, die Sie gemeinsam mit der chef\u00e4rztlichen Bewilligung bei Ihrer Krankenkasse einreichen k\u00f6nnen. Die R\u00fcckerstattung betr\u00e4gt ca. 80 % des Kassentarifs. (\u00d6GK Kassentarif f\u00fcr 60 Min. physiotherapeutische Behandlung betr\u00e4gt 60 Euro)<\/p>\n<hr>\n<p><b>Osteopathie<\/b><\/p>\n<p style=\"text-align: left;\" align=\"justify\">Osteopathie ist keine Kassenleistung. Einige Zusatzversicherungen \u00fcbernehmen aber inzwischen die Therapiekosten f\u00fcr eine osteopathische Behandlung.<\/p>\n<hr>\n<p style=\"text-align: left;\" align=\"justify\"><em>Wir bitten um Verst\u00e4ndnis, dass wir hier keine Preise anf\u00fchren k\u00f6nnen.<\/em><\/p>\n","protected":false},"excerpt":{"rendered":"<p>F\u00fcr die Inanspruchnahme einer physiotherapeutischen oder osteopathischen Behandlung ist eine Verordnung von Ihrem Haus- oder Facharzt erforderlich. Physiotherapie F\u00fcr die Physiotherapie lassen Sie sich bitte einen Verordnungsschein \u00fcber 10x Physiotherapie 60 Min. ausstellen. Zu Beginn der Behandlungsserie muss die Verordnung chef\u00e4rztlich von der jeweiligen Krankenkasse bewilligt sein. Dies ist derzeit<\/p>\n<div class=\"belowpost\"><a class=\"btnmore icon-arrow\" href=\"http:\/\/tps12.at\/?page_id=148\"><span>Read More<\/span><\/a><\/div>\n","protected":false},"author":1,"featured_media":459,"parent":0,"menu_order":0,"comment_status":"closed","ping_status":"closed","template":"","meta":{"footnotes":""},"class_list":["post-148","page","type-page","status-publish","has-post-thumbnail","hentry"],"_links":{"self":[{"href":"http:\/\/tps12.at\/index.php?rest_route=\/wp\/v2\/pages\/148","targetHints":{"allow":["GET"]}}],"collection":[{"href":"http:\/\/tps12.at\/index.php?rest_route=\/wp\/v2\/pages"}],"about":[{"href":"http:\/\/tps12.at\/index.php?rest_route=\/wp\/v2\/types\/page"}],"author":[{"embeddable":true,"href":"http:\/\/tps12.at\/index.php?rest_route=\/wp\/v2\/users\/1"}],"replies":[{"embeddable":true,"href":"http:\/\/tps12.at\/index.php?rest_route=%2Fwp%2Fv2%2Fcomments&post=148"}],"version-history":[{"count":4,"href":"http:\/\/tps12.at\/index.php?rest_route=\/wp\/v2\/pages\/148\/revisions"}],"predecessor-version":[{"id":699,"href":"http:\/\/tps12.at\/index.php?rest_route=\/wp\/v2\/pages\/148\/revisions\/699"}],"wp:featuredmedia":[{"embeddable":true,"href":"http:\/\/tps12.at\/index.php?rest_route=\/wp\/v2\/media\/459"}],"wp:attachment":[{"href":"http:\/\/tps12.at\/index.php?rest_route=%2Fwp%2Fv2%2Fmedia&parent=148"}],"curies":[{"name":"wp","href":"https:\/\/api.w.org\/{rel}","templated":true}]}}