{"id":171,"date":"2015-11-26T09:47:34","date_gmt":"2015-11-26T09:47:34","guid":{"rendered":"http:\/\/tps12.at\/wordpress\/?page_id=171"},"modified":"2020-02-04T17:21:21","modified_gmt":"2020-02-04T17:21:21","slug":"standort","status":"publish","type":"page","link":"http:\/\/tps12.at\/?page_id=171","title":{"rendered":"Anfahrt"},"content":{"rendered":"<p><strong>Adresse<\/strong><br \/>\nSechsschimmelgasse 12<br \/>\n1090 Wien<\/p>\n<div id=\"wpgmza_map\" class=\"wpgmza_map\" data-settings='{\"id\":\"1\",\"map_title\":\"Praxis\",\"map_width\":\"80\",\"map_height\":\"400\",\"map_start_lat\":\"48.224921\",\"map_start_lng\":\"16.347669\",\"map_start_location\":\"48.22492129374941,16.347668694295272\",\"map_start_zoom\":\"16\",\"default_marker\":\"0\",\"type\":\"1\",\"alignment\":\"2\",\"directions_enabled\":\"1\",\"styling_enabled\":\"0\",\"styling_json\":\"\",\"active\":\"0\",\"kml\":\"\",\"bicycle\":\"1\",\"traffic\":\"1\",\"dbox\":\"1\",\"dbox_width\":\"250\",\"listmarkers\":\"0\",\"listmarkers_advanced\":\"0\",\"filterbycat\":\"0\",\"ugm_enabled\":\"0\",\"ugm_category_enabled\":\"0\",\"fusion\":\"\",\"map_width_type\":\"\\\\%\",\"map_height_type\":\"px\",\"mass_marker_support\":\"1\",\"ugm_access\":\"0\",\"order_markers_by\":\"1\",\"order_markers_choice\":\"2\",\"show_user_location\":\"0\",\"default_to\":\"\",\"other_settings\":{\"store_locator_enabled\":2,\"store_locator_distance\":2,\"store_locator_bounce\":1,\"store_locator_query_string\":\"ZIP \\\/ Address:\",\"wpgmza_store_locator_restrict\":\"AT\",\"map_max_zoom\":\"7\",\"transport_layer\":1,\"wpgmza_theme_data\":\"[ \\\\\\\"visibility\\\\\\\", \\\\\\\"invert_lightness\\\\\\\", \\\\\\\"color\\\\\\\", \\\\\\\"weight\\\\\\\", \\\\\\\"hue\\\\\\\", \\\\\\\"saturation\\\\\\\", \\\\\\\"lightness\\\\\\\", \\\\\\\"gamma\\\\\\\"]\",\"wpgmza_theme_selection\":0}}' data-map-id='1' Data-maps-engine='' data-shortcode-attributes='{\"id\":\"1\"}' style=\"display:block; overflow:auto; width:80%; height:400px; float:left;\"><\/div>\n<p><strong>Anfahrt<\/strong><\/p>\n<p><em>\u00d6ffentlich<\/em><\/p>\n<p>Unsere Praxis befindet sich in AKH-N\u00e4he und ist \u00f6ffentlich mit den Linien U6, 40 40A, 41 und 42 \u00fcber die Station W\u00e4hringerstra\u00dfe-Volksoper zu erreichen, oder \u00fcber die Station Alserbachstra\u00dfe mit den Stra\u00dfenbahnlinien 5, 33, 37 und 38.<\/p>\n<p><em>Mit dem Auto<\/em><\/p>\n<p>Erfahrungsgem\u00e4\u00df finden Sie in der direkten Umgebung gen\u00fcgend Parkpl\u00e4tze.<\/p>\n","protected":false},"excerpt":{"rendered":"<p>Adresse Sechsschimmelgasse 12 1090 Wien Anfahrt \u00d6ffentlich Unsere Praxis befindet sich in AKH-N\u00e4he und ist \u00f6ffentlich mit den Linien U6, 40 40A, 41 und 42 \u00fcber die Station W\u00e4hringerstra\u00dfe-Volksoper zu erreichen, oder \u00fcber die Station Alserbachstra\u00dfe mit den Stra\u00dfenbahnlinien 5, 33, 37 und 38. Mit dem Auto Erfahrungsgem\u00e4\u00df finden Sie<\/p>\n<div class=\"belowpost\"><a class=\"btnmore icon-arrow\" href=\"http:\/\/tps12.at\/?page_id=171\"><span>Read More<\/span><\/a><\/div>\n","protected":false},"author":1,"featured_media":570,"parent":0,"menu_order":0,"comment_status":"closed","ping_status":"closed","template":"","meta":{"footnotes":""},"class_list":["post-171","page","type-page","status-publish","has-post-thumbnail","hentry"],"_links":{"self":[{"href":"http:\/\/tps12.at\/index.php?rest_route=\/wp\/v2\/pages\/171","targetHints":{"allow":["GET"]}}],"collection":[{"href":"http:\/\/tps12.at\/index.php?rest_route=\/wp\/v2\/pages"}],"about":[{"href":"http:\/\/tps12.at\/index.php?rest_route=\/wp\/v2\/types\/page"}],"author":[{"embeddable":true,"href":"http:\/\/tps12.at\/index.php?rest_route=\/wp\/v2\/users\/1"}],"replies":[{"embeddable":true,"href":"http:\/\/tps12.at\/index.php?rest_route=%2Fwp%2Fv2%2Fcomments&post=171"}],"version-history":[{"count":8,"href":"http:\/\/tps12.at\/index.php?rest_route=\/wp\/v2\/pages\/171\/revisions"}],"predecessor-version":[{"id":629,"href":"http:\/\/tps12.at\/index.php?rest_route=\/wp\/v2\/pages\/171\/revisions\/629"}],"wp:featuredmedia":[{"embeddable":true,"href":"http:\/\/tps12.at\/index.php?rest_route=\/wp\/v2\/media\/570"}],"wp:attachment":[{"href":"http:\/\/tps12.at\/index.php?rest_route=%2Fwp%2Fv2%2Fmedia&parent=171"}],"curies":[{"name":"wp","href":"https:\/\/api.w.org\/{rel}","templated":true}]}}