{"id":271,"date":"2015-11-26T14:22:24","date_gmt":"2015-11-26T14:22:24","guid":{"rendered":"http:\/\/tps12.at\/wordpress\/?page_id=271"},"modified":"2024-05-16T10:54:18","modified_gmt":"2024-05-16T10:54:18","slug":"home-2","status":"publish","type":"page","link":"http:\/\/tps12.at\/?page_id=271","title":{"rendered":""},"content":{"rendered":"<h1 style=\"text-align: center;\"><span style=\"color: #83adde;\">Herzlich willkommen im<br \/>\nTherapie &amp; Praxiszentrum Sechsschimmelgasse <\/span><\/h1>\n<p style=\"text-align: center;\"><a href=\"http:\/\/tps12.at\/wp-content\/uploads\/2015\/11\/Gruppenfoto_v2.jpg\"><img loading=\"lazy\" decoding=\"async\" class=\"alignnone wp-image-274 size-large\" src=\"http:\/\/tps12.at\/wp-content\/uploads\/2015\/11\/Gruppenfoto_v2-1024x580.jpg\" alt=\"Gruppenfoto_v2\" width=\"1000\" height=\"566\" srcset=\"http:\/\/tps12.at\/wp-content\/uploads\/2015\/11\/Gruppenfoto_v2-1024x580.jpg 1024w, http:\/\/tps12.at\/wp-content\/uploads\/2015\/11\/Gruppenfoto_v2-300x170.jpg 300w\" sizes=\"auto, (max-width: 1000px) 100vw, 1000px\" \/><\/a><\/p>\n<p>Wir bieten Ihnen Physiotherapie und Osteopathie in einer gem\u00fctlichen Atmosph\u00e4re, in der Sie von Ihrem <em><strong><span style=\"color: #3e6087;\">individuellen Therapeuten<\/span><\/strong> <\/em>betreut werden. Nur einen Klick entfernt finden Sie genauere Informationen zu unserem Angebot in den gew\u00fcnschten Fachbereichen.<\/p>\n<p>F\u00fcr die pers\u00f6nliche Beratung zur Therapeutenwahl und allgemeine Fragen stehen wir Ihnen gerne zur Verf\u00fcgung, Sie erreichen uns telefonisch unter <strong>+43 1 317 01 04<\/strong>\u00a0bzw. unter\u00a0<a href=\"http:\/\/tps12.at\/?page_id=165\">Kontakt.<\/a> Sollten Sie bereits wissen, unter welchen Fachbereich Ihre Diagnose f\u00e4llt, kontaktieren Sie bitte unsere Therapeuten direkt unter den Bereichen Pysiotherapie und Osteopathie auf der Startseite.<\/p>\n<p>Besuchen Sie uns auch auf <a href=\"https:\/\/www.facebook.com\/TPS-Therapie-und-Praxiszentrum-Sechsschimmelgasse-252281628139264\/?fref=ts\">Facebook<\/a>!<\/p>\n","protected":false},"excerpt":{"rendered":"<p>Herzlich willkommen im Therapie &amp; Praxiszentrum Sechsschimmelgasse Wir bieten Ihnen Physiotherapie und Osteopathie in einer gem\u00fctlichen Atmosph\u00e4re, in der Sie von Ihrem individuellen Therapeuten betreut werden. Nur einen Klick entfernt finden Sie genauere Informationen zu unserem Angebot in den gew\u00fcnschten Fachbereichen. F\u00fcr die pers\u00f6nliche Beratung zur Therapeutenwahl und allgemeine Fragen<\/p>\n<div class=\"belowpost\"><a class=\"btnmore icon-arrow\" href=\"http:\/\/tps12.at\/?page_id=271\"><span>Read More<\/span><\/a><\/div>\n","protected":false},"author":1,"featured_media":441,"parent":0,"menu_order":0,"comment_status":"closed","ping_status":"closed","template":"","meta":{"footnotes":""},"class_list":["post-271","page","type-page","status-publish","has-post-thumbnail","hentry"],"_links":{"self":[{"href":"http:\/\/tps12.at\/index.php?rest_route=\/wp\/v2\/pages\/271","targetHints":{"allow":["GET"]}}],"collection":[{"href":"http:\/\/tps12.at\/index.php?rest_route=\/wp\/v2\/pages"}],"about":[{"href":"http:\/\/tps12.at\/index.php?rest_route=\/wp\/v2\/types\/page"}],"author":[{"embeddable":true,"href":"http:\/\/tps12.at\/index.php?rest_route=\/wp\/v2\/users\/1"}],"replies":[{"embeddable":true,"href":"http:\/\/tps12.at\/index.php?rest_route=%2Fwp%2Fv2%2Fcomments&post=271"}],"version-history":[{"count":39,"href":"http:\/\/tps12.at\/index.php?rest_route=\/wp\/v2\/pages\/271\/revisions"}],"predecessor-version":[{"id":715,"href":"http:\/\/tps12.at\/index.php?rest_route=\/wp\/v2\/pages\/271\/revisions\/715"}],"wp:featuredmedia":[{"embeddable":true,"href":"http:\/\/tps12.at\/index.php?rest_route=\/wp\/v2\/media\/441"}],"wp:attachment":[{"href":"http:\/\/tps12.at\/index.php?rest_route=%2Fwp%2Fv2%2Fmedia&parent=271"}],"curies":[{"name":"wp","href":"https:\/\/api.w.org\/{rel}","templated":true}]}}