{"id":51,"date":"2015-11-26T07:48:41","date_gmt":"2015-11-26T07:48:41","guid":{"rendered":"http:\/\/tps12.at\/wordpress\/?page_id=51"},"modified":"2015-12-22T08:47:24","modified_gmt":"2015-12-22T08:47:24","slug":"susanne-pigel","status":"publish","type":"page","link":"http:\/\/tps12.at\/?page_id=51","title":{"rendered":"Susanne Pigel"},"content":{"rendered":"<p><em>Physiotherapeutin<\/em><\/p>\n<p><a href=\"http:\/\/tps12.at\/wp-content\/uploads\/2015\/12\/susi.jpg\"><img loading=\"lazy\" decoding=\"async\" class=\" size-medium wp-image-325 alignright\" src=\"http:\/\/tps12.at\/wp-content\/uploads\/2015\/12\/susi-259x300.jpg\" alt=\"susi\" width=\"259\" height=\"300\" srcset=\"http:\/\/tps12.at\/wp-content\/uploads\/2015\/12\/susi-259x300.jpg 259w, http:\/\/tps12.at\/wp-content\/uploads\/2015\/12\/susi-885x1024.jpg 885w, http:\/\/tps12.at\/wp-content\/uploads\/2015\/12\/susi.jpg 1301w\" sizes=\"auto, (max-width: 259px) 100vw, 259px\" \/><\/a><\/p>\n<p><strong><u>Behandlungsfelder \/ Schwerpunkte<\/u><\/strong><\/p>\n<ul style=\"list-style-type: square;\">\n<li><strong>Neurochirurgie<\/strong>:<br \/>\nBandscheibenvorf\u00e4lle, Vertebrostenosen pre- und postoperativ, Protrusionen, Haltungsschw\u00e4chen und Instabilit\u00e4ten, \u00dcberlastungsbeschwerden (R\u00fccken- und Nackenschmerzen)<\/li>\n<li><strong>Neurologie<\/strong>:<br \/>\nSchlaganfall, Gehirnblutung, Sch\u00e4delhirntrauma, Querschnittl\u00e4hmung, Morbus Parkinson, Multiple Sklerose<\/li>\n<li><strong>Unfallchirurgie<\/strong>:<br \/>\nNach konservativer als auch nach operativer Versorgung von Frakturen und Bandl\u00e4sionen innerhalb des Bewegungsapparates<\/li>\n<\/ul>\n<p><strong><u>Berufliche Erfahrung<\/u><\/strong><\/p>\n<ul style=\"list-style-type: square;\">\n<li>2004 &#8211; 2007: Ausbildung zur Physiotherapeutin an der Akademie f\u00fcr den physiotherapeutischen Dienst am AKH Wien<\/li>\n<li>2007 &#8211; 2008: Physiotherapeutische Betreuung der M\u00e4nnermannschaft der AON Hotvolleys<\/li>\n<li>2007 &#8211; 2009: Vollzeitbesch\u00e4ftigung am\u00a0AKH Wien an der Klinik f\u00fcr Neurochirurgie<\/li>\n<li>seit 2009:\u00a0\u00a0\u00a0\u00a0\u00a0 Teilzeitbesch\u00e4ftigung am\u00a0AKH Wien\u00a0an der Klinik f\u00fcr Neurochirurgie<\/li>\n<li>seit 2009:\u00a0\u00a0\u00a0\u00a0\u00a0 Er\u00f6ffnung des TPS &#8211; Therapie &amp; Praxiszentrums Sechsschimmelgasse<\/li>\n<\/ul>\n<p><strong><u>Ausbildung<\/u><\/strong><\/p>\n<ul style=\"list-style-type: square;\">\n<li>NOI Mobilisation des Nervensystems Grundkurs,<\/li>\n<li>Grundkurs in der Befundsaufnahme und Behandlung Erwachsener mit neurologischen Erkrankungen &#8211; Das BOBATH-Konzept,<\/li>\n<li>Aufbaukurse des BOBATH-Konzeptes,<\/li>\n<li>Lokale Gelenkstabilit\u00e4t Teil 1, 2 und 3: HWS und LWS<\/li>\n<li>McKenzie-Konzept Teil A und B<\/li>\n<li>Maitland Level 2A mit Pr\u00fcfung erfolgreich abgeschlossen<\/li>\n<li>Spiegeltherapie in der Neurologie<\/li>\n<\/ul>\n<p>&nbsp;<\/p>\n<p style=\"text-align: center;\"><em><strong>Vereinbaren Sie einen Termin <a href=\"http:\/\/tps12.at\/?page_id=165\">per Telefon<\/a> oder Mail <a href=\"mailto:praxis@tps12.at\">praxis@tps12.at<\/a><\/strong><\/em><\/p>\n","protected":false},"excerpt":{"rendered":"<p>Physiotherapeutin Behandlungsfelder \/ Schwerpunkte Neurochirurgie: Bandscheibenvorf\u00e4lle, Vertebrostenosen pre- und postoperativ, Protrusionen, Haltungsschw\u00e4chen und Instabilit\u00e4ten, \u00dcberlastungsbeschwerden (R\u00fccken- und Nackenschmerzen) Neurologie: Schlaganfall, Gehirnblutung, Sch\u00e4delhirntrauma, Querschnittl\u00e4hmung, Morbus Parkinson, Multiple Sklerose Unfallchirurgie: Nach konservativer als auch nach operativer Versorgung von Frakturen und Bandl\u00e4sionen innerhalb des Bewegungsapparates Berufliche Erfahrung 2004 &#8211; 2007: Ausbildung zur Physiotherapeutin<\/p>\n<div class=\"belowpost\"><a class=\"btnmore icon-arrow\" href=\"http:\/\/tps12.at\/?page_id=51\"><span>Read More<\/span><\/a><\/div>\n","protected":false},"author":1,"featured_media":0,"parent":33,"menu_order":0,"comment_status":"closed","ping_status":"closed","template":"","meta":{"footnotes":""},"class_list":["post-51","page","type-page","status-publish","hentry"],"_links":{"self":[{"href":"http:\/\/tps12.at\/index.php?rest_route=\/wp\/v2\/pages\/51","targetHints":{"allow":["GET"]}}],"collection":[{"href":"http:\/\/tps12.at\/index.php?rest_route=\/wp\/v2\/pages"}],"about":[{"href":"http:\/\/tps12.at\/index.php?rest_route=\/wp\/v2\/types\/page"}],"author":[{"embeddable":true,"href":"http:\/\/tps12.at\/index.php?rest_route=\/wp\/v2\/users\/1"}],"replies":[{"embeddable":true,"href":"http:\/\/tps12.at\/index.php?rest_route=%2Fwp%2Fv2%2Fcomments&post=51"}],"version-history":[{"count":14,"href":"http:\/\/tps12.at\/index.php?rest_route=\/wp\/v2\/pages\/51\/revisions"}],"predecessor-version":[{"id":685,"href":"http:\/\/tps12.at\/index.php?rest_route=\/wp\/v2\/pages\/51\/revisions\/685"}],"up":[{"embeddable":true,"href":"http:\/\/tps12.at\/index.php?rest_route=\/wp\/v2\/pages\/33"}],"wp:attachment":[{"href":"http:\/\/tps12.at\/index.php?rest_route=%2Fwp%2Fv2%2Fmedia&parent=51"}],"curies":[{"name":"wp","href":"https:\/\/api.w.org\/{rel}","templated":true}]}}