{"id":53,"date":"2015-11-26T07:57:26","date_gmt":"2015-11-26T07:57:26","guid":{"rendered":"http:\/\/tps12.at\/wordpress\/?page_id=53"},"modified":"2025-01-03T07:22:16","modified_gmt":"2025-01-03T07:22:16","slug":"irmgard-rehling","status":"publish","type":"page","link":"http:\/\/tps12.at\/?page_id=53","title":{"rendered":"Irmgard Rehling"},"content":{"rendered":"<p><em>Physiotherapeutin, Osteopathin i.A.<br \/>\n<\/em><\/p>\n<p><a href=\"http:\/\/tps12.at\/wp-content\/uploads\/2015\/12\/irmi.jpg\"><img loading=\"lazy\" decoding=\"async\" class=\" size-medium wp-image-329 alignright\" src=\"http:\/\/tps12.at\/wp-content\/uploads\/2015\/12\/irmi-261x300.jpg\" alt=\"irmi\" width=\"261\" height=\"300\" srcset=\"http:\/\/tps12.at\/wp-content\/uploads\/2015\/12\/irmi-261x300.jpg 261w, http:\/\/tps12.at\/wp-content\/uploads\/2015\/12\/irmi-890x1024.jpg 890w, http:\/\/tps12.at\/wp-content\/uploads\/2015\/12\/irmi.jpg 1305w\" sizes=\"auto, (max-width: 261px) 100vw, 261px\" \/><\/a><\/p>\n<p><strong><u>Behandlungsfelder \/ Schwerpunkte<\/u><\/strong><\/p>\n<ul style=\"list-style-type: square;\">\n<li><strong>Neurophysiologische Behandlung:<\/strong><br \/>\nErkrankungen\/St\u00f6rungen des Zentralen- und Peripheren Nervensystems, wie z.B. Multiple Sklerose, Querschnittl\u00e4hmung, Hemiplegie, Morbus Parkinson, Periphere L\u00e4hmungen, Gangunsicherheiten, Bandscheibenproblematiken.<\/li>\n<li><strong>Cranio-Sacral-Therapie:<\/strong><br \/>\nSpannungsungleichgewichte im CranioSacralenSystem k\u00f6nnen zu sensorischen, motorischen und vegetativen Symptomen f\u00fchren (wie z.B. Kopfschmerzen, Schwindel, Kiefergelenksprobleme, Schlafst\u00f6rungen), und umgekehrt.<\/li>\n<li><strong>Viszerale Manipulation:<\/strong><br \/>\nSpannungsungleichgewichte im Organbereich (z.B. durch Operationsnarben, Entz\u00fcndungen, Erkrankungen, Haltungsanomalien).<\/li>\n<\/ul>\n<p><strong><u>Berufliche Erfahrung<\/u><\/strong><\/p>\n<ul style=\"list-style-type: square;\">\n<li>1992 &#8211; 1995:\u00a0 Ausbildung zur Physiotherapeutin an der Akademie f\u00fcr Physiotherapie am AKH Wien<\/li>\n<li>1995 &#8211; 1996:\u00a0 AKH Wien\u00a0in der\u00a0Allgemeinchirurgie und Handchirurgische Ambulanz<\/li>\n<li>1996 &#8211; 2003: AKH Wien in der Klinik f\u00fcr Neurologische Rehabilitation<\/li>\n<li>seit 2003:\u00a0\u00a0\u00a0\u00a0\u00a0freiberufliche T\u00e4tigkeit mit Schwerpunkt Neurologie<\/li>\n<li>seit 2012:\u00a0\u00a0\u00a0\u00a0\u00a0 Therapie &amp; Praxiszentrum Sechsschimmelgasse<\/li>\n<li>Mitglied im Verband der Upledger CranioSacral TherapeutInnen \u00d6sterreichs (<a href=\"http:\/\/www.verband-upledger.at\/\">www.verband-upledger.at<\/a>)<\/li>\n<\/ul>\n<p><strong><u>Ausbildungen<\/u><\/strong><\/p>\n<ul style=\"list-style-type: square;\">\n<li>Neurophysiologische Behandlung: PNF (Propriozeptive Neuromuskul\u00e4re Fazilitation, Zertifikat 2004)<\/li>\n<li>Nichtoperative Orthop\u00e4dische Medizin nach Cyriax (Kurse: Schulter, HWS ,BWS, LWS und SIG, 2005-06)<\/li>\n<li>CranioSacralTherapie nach Upledger (<a href=\"http:\/\/www.tps12.at\/www.upledger.at\">www.upledger.at<\/a>, 2009)<\/li>\n<li>Viszerale Manipulation nach Barral (<a href=\"http:\/\/www.tps12.at\/www.barral.at\">www.barral.at<\/a>, 2011)<\/li>\n<li>Mobilisation des Nervensystems nach Barral (2014)<\/li>\n<li>Tuina (Diplom 2007 bei Prof. Dr. med. Alexander Meng)<\/li>\n<li>Osteopathische Ausbildung am Osteopathie Institute des Upledger Institut \u00d6sterreich<\/li>\n<\/ul>\n<p style=\"text-align: center;\"><em><strong>Vereinbaren Sie einen Termin per Telefon + 43650 44 210 92\u00a0oder Mail <a href=\"mailto:irmgard.rehling@gmx.at\">irmgard.rehling@gmx.at<\/a><\/strong><\/em><\/p>\n","protected":false},"excerpt":{"rendered":"<p>Physiotherapeutin, Osteopathin i.A. Behandlungsfelder \/ Schwerpunkte Neurophysiologische Behandlung: Erkrankungen\/St\u00f6rungen des Zentralen- und Peripheren Nervensystems, wie z.B. Multiple Sklerose, Querschnittl\u00e4hmung, Hemiplegie, Morbus Parkinson, Periphere L\u00e4hmungen, Gangunsicherheiten, Bandscheibenproblematiken. Cranio-Sacral-Therapie: Spannungsungleichgewichte im CranioSacralenSystem k\u00f6nnen zu sensorischen, motorischen und vegetativen Symptomen f\u00fchren (wie z.B. Kopfschmerzen, Schwindel, Kiefergelenksprobleme, Schlafst\u00f6rungen), und umgekehrt. Viszerale Manipulation: Spannungsungleichgewichte im<\/p>\n<div class=\"belowpost\"><a class=\"btnmore icon-arrow\" href=\"http:\/\/tps12.at\/?page_id=53\"><span>Read More<\/span><\/a><\/div>\n","protected":false},"author":1,"featured_media":0,"parent":33,"menu_order":0,"comment_status":"closed","ping_status":"closed","template":"","meta":{"footnotes":""},"class_list":["post-53","page","type-page","status-publish","hentry"],"_links":{"self":[{"href":"http:\/\/tps12.at\/index.php?rest_route=\/wp\/v2\/pages\/53","targetHints":{"allow":["GET"]}}],"collection":[{"href":"http:\/\/tps12.at\/index.php?rest_route=\/wp\/v2\/pages"}],"about":[{"href":"http:\/\/tps12.at\/index.php?rest_route=\/wp\/v2\/types\/page"}],"author":[{"embeddable":true,"href":"http:\/\/tps12.at\/index.php?rest_route=\/wp\/v2\/users\/1"}],"replies":[{"embeddable":true,"href":"http:\/\/tps12.at\/index.php?rest_route=%2Fwp%2Fv2%2Fcomments&post=53"}],"version-history":[{"count":12,"href":"http:\/\/tps12.at\/index.php?rest_route=\/wp\/v2\/pages\/53\/revisions"}],"predecessor-version":[{"id":718,"href":"http:\/\/tps12.at\/index.php?rest_route=\/wp\/v2\/pages\/53\/revisions\/718"}],"up":[{"embeddable":true,"href":"http:\/\/tps12.at\/index.php?rest_route=\/wp\/v2\/pages\/33"}],"wp:attachment":[{"href":"http:\/\/tps12.at\/index.php?rest_route=%2Fwp%2Fv2%2Fmedia&parent=53"}],"curies":[{"name":"wp","href":"https:\/\/api.w.org\/{rel}","templated":true}]}}