{"id":680,"date":"2022-01-05T14:11:38","date_gmt":"2022-01-05T14:11:38","guid":{"rendered":"http:\/\/tps12.at\/?page_id=680"},"modified":"2025-01-03T07:26:34","modified_gmt":"2025-01-03T07:26:34","slug":"martina-kucher-msc","status":"publish","type":"page","link":"http:\/\/tps12.at\/?page_id=680","title":{"rendered":"Martina Jauker, MSc"},"content":{"rendered":"\n<figure class=\"wp-block-image size-large is-resized\"><a href=\"http:\/\/tps12.at\/wp-content\/uploads\/2015\/11\/martinanew.jpg\"><img loading=\"lazy\" decoding=\"async\" width=\"902\" height=\"1024\" src=\"http:\/\/tps12.at\/wp-content\/uploads\/2015\/11\/martinanew-902x1024.jpg\" alt=\"\" class=\"wp-image-635\" style=\"width:214px;height:243px\" srcset=\"http:\/\/tps12.at\/wp-content\/uploads\/2015\/11\/martinanew-902x1024.jpg 902w, http:\/\/tps12.at\/wp-content\/uploads\/2015\/11\/martinanew-264x300.jpg 264w, http:\/\/tps12.at\/wp-content\/uploads\/2015\/11\/martinanew-768x872.jpg 768w, http:\/\/tps12.at\/wp-content\/uploads\/2015\/11\/martinanew.jpg 1344w\" sizes=\"auto, (max-width: 902px) 100vw, 902px\" \/><\/a><\/figure>\n\n\n\n<p><a href=\"http:\/\/www.physio-1090.at\/\">http:\/\/www.physio-1090.at<\/a> <\/p>\n\n\n\n<p><a href=\"mailto:m.jauker@physio-1090.at\">m.jauker@physio-1090.at<\/a><\/p>\n\n\n\n<p>+43664 217 75 52<\/p>\n\n\n\n<p>Behandlungsfelder\/ Schwerpunkte <\/p>\n\n\n\n<p>\u00b7&nbsp; Wirbels\u00e4ulenrehabilitation, pr\u00e4ventiv als auch post operativ<\/p>\n\n\n\n<p>\u00b7&nbsp; Beckenbodenrehabiliation<\/p>\n\n\n\n<p>\u00b7&nbsp; Nachbehandlung von H\u00fcft- und Knie Endoprothetik<\/p>\n\n\n\n<p>\u00b7&nbsp; Gangrehabilitation<\/p>\n\n\n\n<p>Ausbildung und Berufst\u00e4tigkeit<\/p>\n\n\n\n<p>\u00b7&nbsp; 2009-2012 Bachelorstudium der Physiotherapie an der FH Joanneum Graz<\/p>\n\n\n\n<p>\u00b7&nbsp; 2013-2014 orthop\u00e4dische, neurologische Rehabilitation Privatklinik La\u00dfnitzh\u00f6he<\/p>\n\n\n\n<p>\u00b7&nbsp; 2014-2019 Sonderkrankenanstalt- Rehabilitationszentrum Laab im Walde<\/p>\n\n\n\n<p>\u00b7&nbsp; seit 2017 freiberufliche T\u00e4tigkeit im Therapie und Praxiszentrum Sechsschimmelgasse<\/p>\n\n\n\n<p>Zusatzausbildung<\/p>\n\n\n\n<p>\u00b7&nbsp; Faszien-Distorsionsmodell nach Typaldos Level 1-3<\/p>\n\n\n\n<p>\u00b7&nbsp; International Academy of Orthopedic Medicine<\/p>\n\n\n\n<p>\u00b7&nbsp; Mulligankonzept<\/p>\n\n\n\n<p>\u00b7&nbsp; Gangrehabilitation bei neurologischen St\u00f6rungen<\/p>\n\n\n\n<p>\u00b7&nbsp; Masterlehrgang Advanced Phyiotherapy &amp; Management abgeschlossen<\/p>\n","protected":false},"excerpt":{"rendered":"<p>http:\/\/www.physio-1090.at m.jauker@physio-1090.at +43664 217 75 52 Behandlungsfelder\/ Schwerpunkte \u00b7&nbsp; Wirbels\u00e4ulenrehabilitation, pr\u00e4ventiv als auch post operativ \u00b7&nbsp; Beckenbodenrehabiliation \u00b7&nbsp; Nachbehandlung von H\u00fcft- und Knie Endoprothetik \u00b7&nbsp; Gangrehabilitation Ausbildung und Berufst\u00e4tigkeit \u00b7&nbsp; 2009-2012 Bachelorstudium der Physiotherapie an der FH Joanneum Graz \u00b7&nbsp; 2013-2014 orthop\u00e4dische, neurologische Rehabilitation Privatklinik La\u00dfnitzh\u00f6he \u00b7&nbsp; 2014-2019 Sonderkrankenanstalt- Rehabilitationszentrum<\/p>\n<div class=\"belowpost\"><a class=\"btnmore icon-arrow\" href=\"http:\/\/tps12.at\/?page_id=680\"><span>Read More<\/span><\/a><\/div>\n","protected":false},"author":1,"featured_media":0,"parent":0,"menu_order":0,"comment_status":"closed","ping_status":"closed","template":"","meta":{"footnotes":""},"class_list":["post-680","page","type-page","status-publish","hentry"],"_links":{"self":[{"href":"http:\/\/tps12.at\/index.php?rest_route=\/wp\/v2\/pages\/680","targetHints":{"allow":["GET"]}}],"collection":[{"href":"http:\/\/tps12.at\/index.php?rest_route=\/wp\/v2\/pages"}],"about":[{"href":"http:\/\/tps12.at\/index.php?rest_route=\/wp\/v2\/types\/page"}],"author":[{"embeddable":true,"href":"http:\/\/tps12.at\/index.php?rest_route=\/wp\/v2\/users\/1"}],"replies":[{"embeddable":true,"href":"http:\/\/tps12.at\/index.php?rest_route=%2Fwp%2Fv2%2Fcomments&post=680"}],"version-history":[{"count":5,"href":"http:\/\/tps12.at\/index.php?rest_route=\/wp\/v2\/pages\/680\/revisions"}],"predecessor-version":[{"id":720,"href":"http:\/\/tps12.at\/index.php?rest_route=\/wp\/v2\/pages\/680\/revisions\/720"}],"wp:attachment":[{"href":"http:\/\/tps12.at\/index.php?rest_route=%2Fwp%2Fv2%2Fmedia&parent=680"}],"curies":[{"name":"wp","href":"https:\/\/api.w.org\/{rel}","templated":true}]}}