{"id":86,"date":"2015-11-26T08:41:50","date_gmt":"2015-11-26T08:41:50","guid":{"rendered":"http:\/\/tps12.at\/wordpress\/?page_id=86"},"modified":"2022-01-15T10:47:15","modified_gmt":"2022-01-15T10:47:15","slug":"raummiete-2","status":"publish","type":"page","link":"http:\/\/tps12.at\/?page_id=86","title":{"rendered":"Raummiete"},"content":{"rendered":"<p>Als Therapeut\/in (f\u00fcr Physiotherapie, Osteopathie, Ergotherapie, Logop\u00e4die, Psychotherapie, etc.) k\u00f6nnen Sie unsere R\u00e4umlichkeiten auch mieten. Kontaktieren Sie uns per Email <a href=\"mailto:susanne@pigel.at\">susanne@pigel.at<\/a><\/p>\n<p style=\"text-align: center;\"><em>Klicken Sie auf die Bilder zum Start der Slideshow.<\/em><\/p>\n<p style=\"text-align: center;\"><img decoding=\"async\" class=\"ngg_displayed_gallery mceItem\" src=\"http:\/\/tps12.at\/wordpress\/index.php\/nextgen-attach_to_post\/preview\/id--409\" alt=\"\" data-mce-placeholder=\"1\"><\/p>\n<p style=\"text-align: center;\">&nbsp;<\/p>\n","protected":false},"excerpt":{"rendered":"<p>Als Therapeut\/in (f\u00fcr Physiotherapie, Osteopathie, Ergotherapie, Logop\u00e4die, Psychotherapie, etc.) k\u00f6nnen Sie unsere R\u00e4umlichkeiten auch mieten. Kontaktieren Sie uns per Email susanne@pigel.at Klicken Sie auf die Bilder zum Start der Slideshow. &nbsp;<\/p>\n","protected":false},"author":1,"featured_media":0,"parent":0,"menu_order":0,"comment_status":"closed","ping_status":"closed","template":"","meta":{"footnotes":""},"class_list":["post-86","page","type-page","status-publish","hentry"],"_links":{"self":[{"href":"http:\/\/tps12.at\/index.php?rest_route=\/wp\/v2\/pages\/86","targetHints":{"allow":["GET"]}}],"collection":[{"href":"http:\/\/tps12.at\/index.php?rest_route=\/wp\/v2\/pages"}],"about":[{"href":"http:\/\/tps12.at\/index.php?rest_route=\/wp\/v2\/types\/page"}],"author":[{"embeddable":true,"href":"http:\/\/tps12.at\/index.php?rest_route=\/wp\/v2\/users\/1"}],"replies":[{"embeddable":true,"href":"http:\/\/tps12.at\/index.php?rest_route=%2Fwp%2Fv2%2Fcomments&post=86"}],"version-history":[{"count":4,"href":"http:\/\/tps12.at\/index.php?rest_route=\/wp\/v2\/pages\/86\/revisions"}],"predecessor-version":[{"id":701,"href":"http:\/\/tps12.at\/index.php?rest_route=\/wp\/v2\/pages\/86\/revisions\/701"}],"wp:attachment":[{"href":"http:\/\/tps12.at\/index.php?rest_route=%2Fwp%2Fv2%2Fmedia&parent=86"}],"curies":[{"name":"wp","href":"https:\/\/api.w.org\/{rel}","templated":true}]}}